{"id":3016,"date":"2022-03-07T15:47:31","date_gmt":"2022-03-07T14:47:31","guid":{"rendered":"https:\/\/huntingdriada.com\/hunting-office\/"},"modified":"2023-06-23T23:46:50","modified_gmt":"2023-06-23T21:46:50","slug":"hunting-office","status":"publish","type":"page","link":"https:\/\/huntingdriada.com\/en\/offer\/hunting-office\/","title":{"rendered":"Hunting Office"},"content":{"rendered":"<p><div class=\"fusion-fullwidth fullwidth-box fusion-builder-row-1 fusion-flex-container has-pattern-background has-mask-background nonhundred-percent-fullwidth non-hundred-percent-height-scrolling\" style=\"--awb-border-radius-top-left:0px;--awb-border-radius-top-right:0px;--awb-border-radius-bottom-right:0px;--awb-border-radius-bottom-left:0px;--awb-flex-wrap:wrap;\" ><div class=\"fusion-builder-row fusion-row fusion-flex-align-items-flex-start fusion-flex-content-wrap\" style=\"max-width:1393.6px;margin-left: calc(-4% \/ 2 );margin-right: calc(-4% \/ 2 );\"><div class=\"fusion-layout-column fusion_builder_column fusion-builder-column-0 fusion_builder_column_1_2 1_2 fusion-flex-column\" style=\"--awb-bg-size:cover;--awb-width-large:50%;--awb-margin-top-large:0px;--awb-spacing-right-large:3.84%;--awb-margin-bottom-large:20px;--awb-spacing-left-large:3.84%;--awb-width-medium:50%;--awb-order-medium:0;--awb-spacing-right-medium:3.84%;--awb-spacing-left-medium:3.84%;--awb-width-small:100%;--awb-order-small:0;--awb-spacing-right-small:1.92%;--awb-spacing-left-small:1.92%;\"><div class=\"fusion-column-wrapper fusion-column-has-shadow fusion-flex-justify-content-flex-start fusion-content-layout-column\"><div class=\"fusion-text fusion-text-1\"><p>We are a team of experienced hunters who have devoted our hearts and full dedication to the hunting passion.<\/p>\n<p>Our company offers high-quality comprehensive hunting services in Poland. With our knowledge and years of experience, we can ensure unforgettable experiences associated with the adventure that hunting undoubtedly is.<\/p>\n<p>We organize hunts for various game species, tailoring the offer to individual requirements. Our hunts take place in picturesque areas of Poland. This allows us to not only provide our clients with excellent hunting experiences but also offer the opportunity to explore beautiful places in various parts of our country and moments of relaxation.<\/p>\n<\/div><\/div><\/div><div class=\"fusion-layout-column fusion_builder_column fusion-builder-column-1 fusion_builder_column_1_2 1_2 fusion-flex-column\" style=\"--awb-bg-size:cover;--awb-width-large:50%;--awb-margin-top-large:0px;--awb-spacing-right-large:3.84%;--awb-margin-bottom-large:20px;--awb-spacing-left-large:3.84%;--awb-width-medium:50%;--awb-order-medium:0;--awb-spacing-right-medium:3.84%;--awb-spacing-left-medium:3.84%;--awb-width-small:100%;--awb-order-small:0;--awb-spacing-right-small:1.92%;--awb-spacing-left-small:1.92%;\"><div class=\"fusion-column-wrapper fusion-column-has-shadow fusion-flex-justify-content-flex-start fusion-content-layout-column\"><div class=\"fusion-text fusion-text-2\">\n\t\t<style type=\"text\/css\">\n\t\t\t#gallery-1 {\n\t\t\t\tmargin: auto;\n\t\t\t}\n\t\t\t#gallery-1 .gallery-item {\n\t\t\t\tfloat: left;\n\t\t\t\tmargin-top: 10px;\n\t\t\t\ttext-align: center;\n\t\t\t\twidth: 100%;\n\t\t\t}\n\t\t\t#gallery-1 img {\n\t\t\t\tborder: 2px solid #cfcfcf;\n\t\t\t}\n\t\t\t#gallery-1 .gallery-caption {\n\t\t\t\tmargin-left: 0;\n\t\t\t}\n\t\t\t\/* see gallery_shortcode() in wp-includes\/media.php *\/\n\t\t<\/style>\n\t\t<div id='gallery-1' class='gallery galleryid-3016 gallery-columns-1 gallery-size-full'><dl class='gallery-item'>\n\t\t\t<dt class='gallery-icon landscape'>\n\t\t\t\t<a data-rel=\"iLightbox[postimages]\" data-title=\"Summer Activities Grandfather Hunting in Forest.\" data-caption=\"Polowanie\" href='https:\/\/huntingdriada.com\/wp-content\/uploads\/2022\/12\/Hunting-Driada-com-18.jpg'><img decoding=\"async\" width=\"1200\" height=\"675\" src=\"https:\/\/huntingdriada.com\/wp-content\/uploads\/2022\/12\/Hunting-Driada-com-18.jpg\" class=\"attachment-full size-full lazyload\" alt=\"\" aria-describedby=\"gallery-1-2833\" srcset=\"data:image\/svg+xml,%3Csvg%20xmlns%3D%27http%3A%2F%2Fwww.w3.org%2F2000%2Fsvg%27%20width%3D%271200%27%20height%3D%27675%27%20viewBox%3D%270%200%201200%20675%27%3E%3Crect%20width%3D%271200%27%20height%3D%27675%27%20fill-opacity%3D%220%22%2F%3E%3C%2Fsvg%3E\" data-orig-src=\"https:\/\/huntingdriada.com\/wp-content\/uploads\/2022\/12\/Hunting-Driada-com-18.jpg\" data-srcset=\"https:\/\/huntingdriada.com\/wp-content\/uploads\/2022\/12\/Hunting-Driada-com-18-200x113.jpg 200w, https:\/\/huntingdriada.com\/wp-content\/uploads\/2022\/12\/Hunting-Driada-com-18-300x169.jpg 300w, https:\/\/huntingdriada.com\/wp-content\/uploads\/2022\/12\/Hunting-Driada-com-18-400x225.jpg 400w, https:\/\/huntingdriada.com\/wp-content\/uploads\/2022\/12\/Hunting-Driada-com-18-600x338.jpg 600w, https:\/\/huntingdriada.com\/wp-content\/uploads\/2022\/12\/Hunting-Driada-com-18-768x432.jpg 768w, https:\/\/huntingdriada.com\/wp-content\/uploads\/2022\/12\/Hunting-Driada-com-18-800x450.jpg 800w, https:\/\/huntingdriada.com\/wp-content\/uploads\/2022\/12\/Hunting-Driada-com-18-1024x576.jpg 1024w, https:\/\/huntingdriada.com\/wp-content\/uploads\/2022\/12\/Hunting-Driada-com-18.jpg 1200w\" data-sizes=\"auto\" \/><\/a>\n\t\t\t<\/dt>\n\t\t\t\t<dd class='wp-caption-text gallery-caption' id='gallery-1-2833'>\n\t\t\t\tPolowanie\n\t\t\t\t<\/dd><\/dl><br style=\"clear: both\" \/>\n\t\t<\/div>\n\n<\/div><\/div><\/div><\/div><\/div><div class=\"fusion-fullwidth fullwidth-box fusion-builder-row-2 fusion-flex-container has-pattern-background has-mask-background nonhundred-percent-fullwidth non-hundred-percent-height-scrolling\" style=\"--awb-border-radius-top-left:0px;--awb-border-radius-top-right:0px;--awb-border-radius-bottom-right:0px;--awb-border-radius-bottom-left:0px;--awb-flex-wrap:wrap;\" ><div class=\"fusion-builder-row fusion-row fusion-flex-align-items-flex-start fusion-flex-content-wrap\" style=\"max-width:1393.6px;margin-left: calc(-4% \/ 2 );margin-right: calc(-4% \/ 2 );\"><div class=\"fusion-layout-column fusion_builder_column fusion-builder-column-2 fusion_builder_column_1_2 1_2 fusion-flex-column\" style=\"--awb-bg-size:cover;--awb-width-large:50%;--awb-margin-top-large:0px;--awb-spacing-right-large:3.84%;--awb-margin-bottom-large:20px;--awb-spacing-left-large:3.84%;--awb-width-medium:50%;--awb-order-medium:0;--awb-spacing-right-medium:3.84%;--awb-spacing-left-medium:3.84%;--awb-width-small:100%;--awb-order-small:0;--awb-spacing-right-small:1.92%;--awb-spacing-left-small:1.92%;\"><div class=\"fusion-column-wrapper fusion-column-has-shadow fusion-flex-justify-content-flex-start fusion-content-layout-column\"><div class=\"fusion-text fusion-text-3\">\n\t\t<style type=\"text\/css\">\n\t\t\t#gallery-2 {\n\t\t\t\tmargin: auto;\n\t\t\t}\n\t\t\t#gallery-2 .gallery-item {\n\t\t\t\tfloat: left;\n\t\t\t\tmargin-top: 10px;\n\t\t\t\ttext-align: center;\n\t\t\t\twidth: 100%;\n\t\t\t}\n\t\t\t#gallery-2 img {\n\t\t\t\tborder: 2px solid #cfcfcf;\n\t\t\t}\n\t\t\t#gallery-2 .gallery-caption {\n\t\t\t\tmargin-left: 0;\n\t\t\t}\n\t\t\t\/* see gallery_shortcode() in wp-includes\/media.php *\/\n\t\t<\/style>\n\t\t<div id='gallery-2' class='gallery galleryid-3016 gallery-columns-1 gallery-size-full'><dl class='gallery-item'>\n\t\t\t<dt class='gallery-icon landscape'>\n\t\t\t\t<a data-rel=\"iLightbox[postimages]\" data-title=\"Polowanie\" data-caption=\"Polowanie\" href='https:\/\/huntingdriada.com\/wp-content\/uploads\/2022\/12\/Hunting-Driada-com-20.jpg'><img decoding=\"async\" width=\"1200\" height=\"675\" src=\"https:\/\/huntingdriada.com\/wp-content\/uploads\/2022\/12\/Hunting-Driada-com-20.jpg\" class=\"attachment-full size-full lazyload\" alt=\"\" aria-describedby=\"gallery-2-2832\" srcset=\"data:image\/svg+xml,%3Csvg%20xmlns%3D%27http%3A%2F%2Fwww.w3.org%2F2000%2Fsvg%27%20width%3D%271200%27%20height%3D%27675%27%20viewBox%3D%270%200%201200%20675%27%3E%3Crect%20width%3D%271200%27%20height%3D%27675%27%20fill-opacity%3D%220%22%2F%3E%3C%2Fsvg%3E\" data-orig-src=\"https:\/\/huntingdriada.com\/wp-content\/uploads\/2022\/12\/Hunting-Driada-com-20.jpg\" data-srcset=\"https:\/\/huntingdriada.com\/wp-content\/uploads\/2022\/12\/Hunting-Driada-com-20-200x113.jpg 200w, https:\/\/huntingdriada.com\/wp-content\/uploads\/2022\/12\/Hunting-Driada-com-20-300x169.jpg 300w, https:\/\/huntingdriada.com\/wp-content\/uploads\/2022\/12\/Hunting-Driada-com-20-400x225.jpg 400w, https:\/\/huntingdriada.com\/wp-content\/uploads\/2022\/12\/Hunting-Driada-com-20-600x338.jpg 600w, https:\/\/huntingdriada.com\/wp-content\/uploads\/2022\/12\/Hunting-Driada-com-20-768x432.jpg 768w, https:\/\/huntingdriada.com\/wp-content\/uploads\/2022\/12\/Hunting-Driada-com-20-800x450.jpg 800w, https:\/\/huntingdriada.com\/wp-content\/uploads\/2022\/12\/Hunting-Driada-com-20-1024x576.jpg 1024w, https:\/\/huntingdriada.com\/wp-content\/uploads\/2022\/12\/Hunting-Driada-com-20.jpg 1200w\" data-sizes=\"auto\" \/><\/a>\n\t\t\t<\/dt>\n\t\t\t\t<dd class='wp-caption-text gallery-caption' id='gallery-2-2832'>\n\t\t\t\tPolowanie\n\t\t\t\t<\/dd><\/dl><br style=\"clear: both\" \/>\n\t\t<\/div>\n\n<\/div><\/div><\/div><div class=\"fusion-layout-column fusion_builder_column fusion-builder-column-3 fusion_builder_column_1_2 1_2 fusion-flex-column\" style=\"--awb-bg-size:cover;--awb-width-large:50%;--awb-margin-top-large:0px;--awb-spacing-right-large:3.84%;--awb-margin-bottom-large:20px;--awb-spacing-left-large:3.84%;--awb-width-medium:50%;--awb-order-medium:0;--awb-spacing-right-medium:3.84%;--awb-spacing-left-medium:3.84%;--awb-width-small:100%;--awb-order-small:0;--awb-spacing-right-small:1.92%;--awb-spacing-left-small:1.92%;\"><div class=\"fusion-column-wrapper fusion-column-has-shadow fusion-flex-justify-content-flex-start fusion-content-layout-column\"><div class=\"fusion-text fusion-text-4\"><p>Hunting Driada, as an organizer, offers comprehensive hunting services, including logistical support, accommodation, meals, and the assistance of an experienced hunting guide. We guarantee professionalism and necessary safety measures at every stage of the hunt. We are also able to accommodate individual client preferences, which will be specified in the service agreement.<\/p>\n<p>For collective hunts, we provide signaling support, trained companion dogs for the group of beaters, and dogs trained for tracking wounded game. Each hunt is a significant event for us, and we celebrate and show respect in accordance with hunting ethics and Polish hunting traditions, such as decorating the game trophy, torches, hunting king medals, preparation of harvested trophies, and more.<\/p>\n<p>We are open to the individual needs of our clients and strive to tailor our services to meet your expectations.<\/p>\n<p>We invite you to take advantage of our services and experience unforgettable moments in the hunting grounds.<\/p>\n<p>Contact us, and we will prepare an offer that meets your desires.<\/p>\n<\/div><\/div><\/div><\/div><\/div><\/p>\n","protected":false},"excerpt":{"rendered":"","protected":false},"author":1,"featured_media":2833,"parent":3047,"menu_order":0,"comment_status":"closed","ping_status":"closed","template":"100-width.php","meta":{"footnotes":""},"class_list":["post-3016","page","type-page","status-publish","has-post-thumbnail","hentry"],"yoast_head":"<!-- This site is optimized with the Yoast SEO plugin v24.3 - https:\/\/yoast.com\/wordpress\/plugins\/seo\/ -->\n<title>Hunting office, hunting organization - Hunting Driada<\/title>\n<meta name=\"description\" content=\"Hunting at the highest level - Hunting Driada. Check out our offer for organizing hunting expeditions. Hunting office. Check it out!\" \/>\n<meta name=\"robots\" content=\"index, follow, max-snippet:-1, max-image-preview:large, max-video-preview:-1\" \/>\n<link rel=\"canonical\" href=\"https:\/\/huntingdriada.com\/en\/offer\/hunting-office\/\" \/>\n<meta property=\"og:locale\" content=\"en_US\" \/>\n<meta property=\"og:type\" content=\"article\" \/>\n<meta property=\"og:title\" content=\"Hunting office, hunting organization - Hunting Driada\" \/>\n<meta property=\"og:description\" content=\"Hunting at the highest level - Hunting Driada. Check out our offer for organizing hunting expeditions. Hunting office. Check it out!\" \/>\n<meta property=\"og:url\" content=\"https:\/\/huntingdriada.com\/en\/offer\/hunting-office\/\" \/>\n<meta property=\"og:site_name\" content=\"Hunting Driada\" \/>\n<meta property=\"article:modified_time\" content=\"2023-06-23T21:46:50+00:00\" \/>\n<meta property=\"og:image\" content=\"https:\/\/huntingdriada.com\/wp-content\/uploads\/2022\/12\/Hunting-Driada-com-18.jpg\" \/>\n\t<meta property=\"og:image:width\" content=\"1200\" \/>\n\t<meta property=\"og:image:height\" content=\"675\" \/>\n\t<meta property=\"og:image:type\" content=\"image\/jpeg\" \/>\n<meta name=\"twitter:card\" content=\"summary_large_image\" \/>\n<meta name=\"twitter:label1\" content=\"Est. reading time\" \/>\n\t<meta name=\"twitter:data1\" content=\"13 minutes\" \/>\n<script type=\"application\/ld+json\" class=\"yoast-schema-graph\">{\"@context\":\"https:\/\/schema.org\",\"@graph\":[{\"@type\":\"WebPage\",\"@id\":\"https:\/\/huntingdriada.com\/en\/offer\/hunting-office\/\",\"url\":\"https:\/\/huntingdriada.com\/en\/offer\/hunting-office\/\",\"name\":\"Hunting office, hunting organization - Hunting Driada\",\"isPartOf\":{\"@id\":\"https:\/\/huntingdriada.com\/en\/#website\"},\"primaryImageOfPage\":{\"@id\":\"https:\/\/huntingdriada.com\/en\/offer\/hunting-office\/#primaryimage\"},\"image\":{\"@id\":\"https:\/\/huntingdriada.com\/en\/offer\/hunting-office\/#primaryimage\"},\"thumbnailUrl\":\"https:\/\/huntingdriada.com\/wp-content\/uploads\/2022\/12\/Hunting-Driada-com-18.jpg\",\"datePublished\":\"2022-03-07T14:47:31+00:00\",\"dateModified\":\"2023-06-23T21:46:50+00:00\",\"description\":\"Hunting at the highest level - Hunting Driada. Check out our offer for organizing hunting expeditions. Hunting office. Check it out!\",\"breadcrumb\":{\"@id\":\"https:\/\/huntingdriada.com\/en\/offer\/hunting-office\/#breadcrumb\"},\"inLanguage\":\"en-US\",\"potentialAction\":[{\"@type\":\"ReadAction\",\"target\":[\"https:\/\/huntingdriada.com\/en\/offer\/hunting-office\/\"]}]},{\"@type\":\"ImageObject\",\"inLanguage\":\"en-US\",\"@id\":\"https:\/\/huntingdriada.com\/en\/offer\/hunting-office\/#primaryimage\",\"url\":\"https:\/\/huntingdriada.com\/wp-content\/uploads\/2022\/12\/Hunting-Driada-com-18.jpg\",\"contentUrl\":\"https:\/\/huntingdriada.com\/wp-content\/uploads\/2022\/12\/Hunting-Driada-com-18.jpg\",\"width\":1200,\"height\":675,\"caption\":\"Polowanie\"},{\"@type\":\"BreadcrumbList\",\"@id\":\"https:\/\/huntingdriada.com\/en\/offer\/hunting-office\/#breadcrumb\",\"itemListElement\":[{\"@type\":\"ListItem\",\"position\":1,\"name\":\"Strona g\u0142\u00f3wna\",\"item\":\"https:\/\/huntingdriada.com\/en\/\"},{\"@type\":\"ListItem\",\"position\":2,\"name\":\"Hunting Office\"}]},{\"@type\":\"WebSite\",\"@id\":\"https:\/\/huntingdriada.com\/en\/#website\",\"url\":\"https:\/\/huntingdriada.com\/en\/\",\"name\":\"Hunting Driada\",\"description\":\"Biuro polowa\u0144, psy my\u015bliwskie, dziczyzna, sygnali\u015bci my\u015bliwscy, preparacja.\",\"potentialAction\":[{\"@type\":\"SearchAction\",\"target\":{\"@type\":\"EntryPoint\",\"urlTemplate\":\"https:\/\/huntingdriada.com\/en\/?s={search_term_string}\"},\"query-input\":{\"@type\":\"PropertyValueSpecification\",\"valueRequired\":true,\"valueName\":\"search_term_string\"}}],\"inLanguage\":\"en-US\"}]}<\/script>\n<!-- \/ Yoast SEO plugin. -->","yoast_head_json":{"title":"Hunting office, hunting organization - Hunting Driada","description":"Hunting at the highest level - Hunting Driada. Check out our offer for organizing hunting expeditions. Hunting office. Check it out!","robots":{"index":"index","follow":"follow","max-snippet":"max-snippet:-1","max-image-preview":"max-image-preview:large","max-video-preview":"max-video-preview:-1"},"canonical":"https:\/\/huntingdriada.com\/en\/offer\/hunting-office\/","og_locale":"en_US","og_type":"article","og_title":"Hunting office, hunting organization - Hunting Driada","og_description":"Hunting at the highest level - Hunting Driada. Check out our offer for organizing hunting expeditions. Hunting office. Check it out!","og_url":"https:\/\/huntingdriada.com\/en\/offer\/hunting-office\/","og_site_name":"Hunting Driada","article_modified_time":"2023-06-23T21:46:50+00:00","og_image":[{"width":1200,"height":675,"url":"https:\/\/huntingdriada.com\/wp-content\/uploads\/2022\/12\/Hunting-Driada-com-18.jpg","type":"image\/jpeg"}],"twitter_card":"summary_large_image","twitter_misc":{"Est. reading time":"13 minutes"},"schema":{"@context":"https:\/\/schema.org","@graph":[{"@type":"WebPage","@id":"https:\/\/huntingdriada.com\/en\/offer\/hunting-office\/","url":"https:\/\/huntingdriada.com\/en\/offer\/hunting-office\/","name":"Hunting office, hunting organization - Hunting Driada","isPartOf":{"@id":"https:\/\/huntingdriada.com\/en\/#website"},"primaryImageOfPage":{"@id":"https:\/\/huntingdriada.com\/en\/offer\/hunting-office\/#primaryimage"},"image":{"@id":"https:\/\/huntingdriada.com\/en\/offer\/hunting-office\/#primaryimage"},"thumbnailUrl":"https:\/\/huntingdriada.com\/wp-content\/uploads\/2022\/12\/Hunting-Driada-com-18.jpg","datePublished":"2022-03-07T14:47:31+00:00","dateModified":"2023-06-23T21:46:50+00:00","description":"Hunting at the highest level - Hunting Driada. Check out our offer for organizing hunting expeditions. Hunting office. Check it out!","breadcrumb":{"@id":"https:\/\/huntingdriada.com\/en\/offer\/hunting-office\/#breadcrumb"},"inLanguage":"en-US","potentialAction":[{"@type":"ReadAction","target":["https:\/\/huntingdriada.com\/en\/offer\/hunting-office\/"]}]},{"@type":"ImageObject","inLanguage":"en-US","@id":"https:\/\/huntingdriada.com\/en\/offer\/hunting-office\/#primaryimage","url":"https:\/\/huntingdriada.com\/wp-content\/uploads\/2022\/12\/Hunting-Driada-com-18.jpg","contentUrl":"https:\/\/huntingdriada.com\/wp-content\/uploads\/2022\/12\/Hunting-Driada-com-18.jpg","width":1200,"height":675,"caption":"Polowanie"},{"@type":"BreadcrumbList","@id":"https:\/\/huntingdriada.com\/en\/offer\/hunting-office\/#breadcrumb","itemListElement":[{"@type":"ListItem","position":1,"name":"Strona g\u0142\u00f3wna","item":"https:\/\/huntingdriada.com\/en\/"},{"@type":"ListItem","position":2,"name":"Hunting Office"}]},{"@type":"WebSite","@id":"https:\/\/huntingdriada.com\/en\/#website","url":"https:\/\/huntingdriada.com\/en\/","name":"Hunting Driada","description":"Biuro polowa\u0144, psy my\u015bliwskie, dziczyzna, sygnali\u015bci my\u015bliwscy, preparacja.","potentialAction":[{"@type":"SearchAction","target":{"@type":"EntryPoint","urlTemplate":"https:\/\/huntingdriada.com\/en\/?s={search_term_string}"},"query-input":{"@type":"PropertyValueSpecification","valueRequired":true,"valueName":"search_term_string"}}],"inLanguage":"en-US"}]}},"_links":{"self":[{"href":"https:\/\/huntingdriada.com\/en\/wp-json\/wp\/v2\/pages\/3016","targetHints":{"allow":["GET"]}}],"collection":[{"href":"https:\/\/huntingdriada.com\/en\/wp-json\/wp\/v2\/pages"}],"about":[{"href":"https:\/\/huntingdriada.com\/en\/wp-json\/wp\/v2\/types\/page"}],"author":[{"embeddable":true,"href":"https:\/\/huntingdriada.com\/en\/wp-json\/wp\/v2\/users\/1"}],"replies":[{"embeddable":true,"href":"https:\/\/huntingdriada.com\/en\/wp-json\/wp\/v2\/comments?post=3016"}],"version-history":[{"count":2,"href":"https:\/\/huntingdriada.com\/en\/wp-json\/wp\/v2\/pages\/3016\/revisions"}],"predecessor-version":[{"id":3018,"href":"https:\/\/huntingdriada.com\/en\/wp-json\/wp\/v2\/pages\/3016\/revisions\/3018"}],"up":[{"embeddable":true,"href":"https:\/\/huntingdriada.com\/en\/wp-json\/wp\/v2\/pages\/3047"}],"wp:featuredmedia":[{"embeddable":true,"href":"https:\/\/huntingdriada.com\/en\/wp-json\/wp\/v2\/media\/2833"}],"wp:attachment":[{"href":"https:\/\/huntingdriada.com\/en\/wp-json\/wp\/v2\/media?parent=3016"}],"curies":[{"name":"wp","href":"https:\/\/api.w.org\/{rel}","templated":true}]}}