{"id":3008,"date":"2022-12-18T21:05:44","date_gmt":"2022-12-18T20:05:44","guid":{"rendered":"https:\/\/huntingdriada.com\/game\/"},"modified":"2023-06-23T22:49:31","modified_gmt":"2023-06-23T20:49:31","slug":"game","status":"publish","type":"page","link":"https:\/\/huntingdriada.com\/en\/offer\/game\/","title":{"rendered":"Game"},"content":{"rendered":"<div class=\"fusion-fullwidth fullwidth-box fusion-builder-row-1 fusion-flex-container has-pattern-background has-mask-background nonhundred-percent-fullwidth non-hundred-percent-height-scrolling\" style=\"--awb-border-radius-top-left:0px;--awb-border-radius-top-right:0px;--awb-border-radius-bottom-right:0px;--awb-border-radius-bottom-left:0px;--awb-flex-wrap:wrap;\" ><div class=\"fusion-builder-row fusion-row fusion-flex-align-items-flex-start fusion-flex-content-wrap\" style=\"max-width:1393.6px;margin-left: calc(-4% \/ 2 );margin-right: calc(-4% \/ 2 );\"><div class=\"fusion-layout-column fusion_builder_column fusion-builder-column-0 fusion_builder_column_1_2 1_2 fusion-flex-column\" style=\"--awb-bg-size:cover;--awb-width-large:50%;--awb-margin-top-large:0px;--awb-spacing-right-large:3.84%;--awb-margin-bottom-large:20px;--awb-spacing-left-large:3.84%;--awb-width-medium:50%;--awb-order-medium:0;--awb-spacing-right-medium:3.84%;--awb-spacing-left-medium:3.84%;--awb-width-small:100%;--awb-order-small:0;--awb-spacing-right-small:1.92%;--awb-spacing-left-small:1.92%;\"><div class=\"fusion-column-wrapper fusion-column-has-shadow fusion-flex-justify-content-flex-start fusion-content-layout-column\"><div class=\"fusion-text fusion-text-1\"><p>We are enthusiasts and promoters of eating game meat as the healthiest meat!<\/p>\n<p>Game meat comes from wild animals that live freely, feed on natural food sources, and lead an active lifestyle. That&#8217;s why wild game meat is more natural and healthier than farmed meat.<\/p>\n<p>Game is also rich in nutrients such as protein, iron and B vitamins, while being low in fat and cholesterol. This makes it ideal for people who want to take charge of their health and live a healthy lifestyle.<\/p>\n<p>Moreover, eating game meat can be a fascinating culinary adventure as it offers a variety of flavours and textures, depending on the species of animal and the method of meat preparation.<\/p>\n<p>Almost every hunted animal is processed by us for meat, from which we make our own products, including hams, sausages, and preserves.<\/p>\n<\/div><\/div><\/div><div class=\"fusion-layout-column fusion_builder_column fusion-builder-column-1 fusion_builder_column_1_2 1_2 fusion-flex-column\" style=\"--awb-bg-size:cover;--awb-width-large:50%;--awb-margin-top-large:0px;--awb-spacing-right-large:3.84%;--awb-margin-bottom-large:20px;--awb-spacing-left-large:3.84%;--awb-width-medium:50%;--awb-order-medium:0;--awb-spacing-right-medium:3.84%;--awb-spacing-left-medium:3.84%;--awb-width-small:100%;--awb-order-small:0;--awb-spacing-right-small:1.92%;--awb-spacing-left-small:1.92%;\"><div class=\"fusion-column-wrapper fusion-column-has-shadow fusion-flex-justify-content-flex-start fusion-content-layout-column\"><div class=\"fusion-image-element \" style=\"--awb-caption-title-font-family:var(--h2_typography-font-family);--awb-caption-title-font-weight:var(--h2_typography-font-weight);--awb-caption-title-font-style:var(--h2_typography-font-style);--awb-caption-title-size:var(--h2_typography-font-size);--awb-caption-title-transform:var(--h2_typography-text-transform);--awb-caption-title-line-height:var(--h2_typography-line-height);--awb-caption-title-letter-spacing:var(--h2_typography-letter-spacing);\"><span class=\" fusion-imageframe imageframe-none imageframe-1 hover-type-none\"><img decoding=\"async\" width=\"1200\" height=\"800\" title=\"surowa-dziczyzna\" src=\"https:\/\/huntingdriada.com\/wp-content\/uploads\/2023\/04\/surowa-dziczyzna.jpg\" data-orig-src=\"https:\/\/huntingdriada.com\/wp-content\/uploads\/2023\/04\/surowa-dziczyzna.jpg\" alt class=\"lazyload img-responsive wp-image-2854\" srcset=\"data:image\/svg+xml,%3Csvg%20xmlns%3D%27http%3A%2F%2Fwww.w3.org%2F2000%2Fsvg%27%20width%3D%271200%27%20height%3D%27800%27%20viewBox%3D%270%200%201200%20800%27%3E%3Crect%20width%3D%271200%27%20height%3D%27800%27%20fill-opacity%3D%220%22%2F%3E%3C%2Fsvg%3E\" data-srcset=\"https:\/\/huntingdriada.com\/wp-content\/uploads\/2023\/04\/surowa-dziczyzna-200x133.jpg 200w, https:\/\/huntingdriada.com\/wp-content\/uploads\/2023\/04\/surowa-dziczyzna-400x267.jpg 400w, https:\/\/huntingdriada.com\/wp-content\/uploads\/2023\/04\/surowa-dziczyzna-600x400.jpg 600w, https:\/\/huntingdriada.com\/wp-content\/uploads\/2023\/04\/surowa-dziczyzna-800x533.jpg 800w, https:\/\/huntingdriada.com\/wp-content\/uploads\/2023\/04\/surowa-dziczyzna.jpg 1200w\" data-sizes=\"auto\" data-orig-sizes=\"(max-width: 800px) 100vw, 800px\" \/><\/span><\/div><\/div><\/div><\/div><\/div>\n","protected":false},"excerpt":{"rendered":"","protected":false},"author":1,"featured_media":2846,"parent":3047,"menu_order":0,"comment_status":"closed","ping_status":"closed","template":"100-width.php","meta":{"footnotes":""},"class_list":["post-3008","page","type-page","status-publish","has-post-thumbnail","hentry"],"yoast_head":"<!-- This site is optimized with the Yoast SEO plugin v24.3 - https:\/\/yoast.com\/wordpress\/plugins\/seo\/ -->\n<title>Game meat | Hunting Driada<\/title>\n<meta name=\"description\" content=\"We are enthusiasts and advocates of consuming game meat as the healthiest meat! Check out Hunting Driada.\" \/>\n<meta name=\"robots\" content=\"index, follow, max-snippet:-1, max-image-preview:large, max-video-preview:-1\" \/>\n<link rel=\"canonical\" href=\"https:\/\/huntingdriada.com\/en\/offer\/game\/\" \/>\n<meta property=\"og:locale\" content=\"en_US\" \/>\n<meta property=\"og:type\" content=\"article\" \/>\n<meta property=\"og:title\" content=\"Game meat | Hunting Driada\" \/>\n<meta property=\"og:description\" content=\"We are enthusiasts and advocates of consuming game meat as the healthiest meat! Check out Hunting Driada.\" \/>\n<meta property=\"og:url\" content=\"https:\/\/huntingdriada.com\/en\/offer\/game\/\" \/>\n<meta property=\"og:site_name\" content=\"Hunting Driada\" \/>\n<meta property=\"article:modified_time\" content=\"2023-06-23T20:49:31+00:00\" \/>\n<meta property=\"og:image\" content=\"https:\/\/huntingdriada.com\/wp-content\/uploads\/2022\/12\/Hunting-Driada-com-7.jpg\" \/>\n\t<meta property=\"og:image:width\" content=\"1200\" \/>\n\t<meta property=\"og:image:height\" content=\"675\" \/>\n\t<meta property=\"og:image:type\" content=\"image\/jpeg\" \/>\n<meta name=\"twitter:card\" content=\"summary_large_image\" \/>\n<meta name=\"twitter:label1\" content=\"Est. reading time\" \/>\n\t<meta name=\"twitter:data1\" content=\"8 minutes\" \/>\n<script type=\"application\/ld+json\" class=\"yoast-schema-graph\">{\"@context\":\"https:\/\/schema.org\",\"@graph\":[{\"@type\":\"WebPage\",\"@id\":\"https:\/\/huntingdriada.com\/en\/offer\/game\/\",\"url\":\"https:\/\/huntingdriada.com\/en\/offer\/game\/\",\"name\":\"Game meat | Hunting Driada\",\"isPartOf\":{\"@id\":\"https:\/\/huntingdriada.com\/en\/#website\"},\"primaryImageOfPage\":{\"@id\":\"https:\/\/huntingdriada.com\/en\/offer\/game\/#primaryimage\"},\"image\":{\"@id\":\"https:\/\/huntingdriada.com\/en\/offer\/game\/#primaryimage\"},\"thumbnailUrl\":\"https:\/\/huntingdriada.com\/wp-content\/uploads\/2022\/12\/Hunting-Driada-com-7.jpg\",\"datePublished\":\"2022-12-18T20:05:44+00:00\",\"dateModified\":\"2023-06-23T20:49:31+00:00\",\"description\":\"We are enthusiasts and advocates of consuming game meat as the healthiest meat! Check out Hunting Driada.\",\"breadcrumb\":{\"@id\":\"https:\/\/huntingdriada.com\/en\/offer\/game\/#breadcrumb\"},\"inLanguage\":\"en-US\",\"potentialAction\":[{\"@type\":\"ReadAction\",\"target\":[\"https:\/\/huntingdriada.com\/en\/offer\/game\/\"]}]},{\"@type\":\"ImageObject\",\"inLanguage\":\"en-US\",\"@id\":\"https:\/\/huntingdriada.com\/en\/offer\/game\/#primaryimage\",\"url\":\"https:\/\/huntingdriada.com\/wp-content\/uploads\/2022\/12\/Hunting-Driada-com-7.jpg\",\"contentUrl\":\"https:\/\/huntingdriada.com\/wp-content\/uploads\/2022\/12\/Hunting-Driada-com-7.jpg\",\"width\":1200,\"height\":675,\"caption\":\"Dziczyzna\"},{\"@type\":\"BreadcrumbList\",\"@id\":\"https:\/\/huntingdriada.com\/en\/offer\/game\/#breadcrumb\",\"itemListElement\":[{\"@type\":\"ListItem\",\"position\":1,\"name\":\"Strona g\u0142\u00f3wna\",\"item\":\"https:\/\/huntingdriada.com\/en\/\"},{\"@type\":\"ListItem\",\"position\":2,\"name\":\"Game\"}]},{\"@type\":\"WebSite\",\"@id\":\"https:\/\/huntingdriada.com\/en\/#website\",\"url\":\"https:\/\/huntingdriada.com\/en\/\",\"name\":\"Hunting Driada\",\"description\":\"Biuro polowa\u0144, psy my\u015bliwskie, dziczyzna, sygnali\u015bci my\u015bliwscy, preparacja.\",\"potentialAction\":[{\"@type\":\"SearchAction\",\"target\":{\"@type\":\"EntryPoint\",\"urlTemplate\":\"https:\/\/huntingdriada.com\/en\/?s={search_term_string}\"},\"query-input\":{\"@type\":\"PropertyValueSpecification\",\"valueRequired\":true,\"valueName\":\"search_term_string\"}}],\"inLanguage\":\"en-US\"}]}<\/script>\n<!-- \/ Yoast SEO plugin. -->","yoast_head_json":{"title":"Game meat | Hunting Driada","description":"We are enthusiasts and advocates of consuming game meat as the healthiest meat! Check out Hunting Driada.","robots":{"index":"index","follow":"follow","max-snippet":"max-snippet:-1","max-image-preview":"max-image-preview:large","max-video-preview":"max-video-preview:-1"},"canonical":"https:\/\/huntingdriada.com\/en\/offer\/game\/","og_locale":"en_US","og_type":"article","og_title":"Game meat | Hunting Driada","og_description":"We are enthusiasts and advocates of consuming game meat as the healthiest meat! Check out Hunting Driada.","og_url":"https:\/\/huntingdriada.com\/en\/offer\/game\/","og_site_name":"Hunting Driada","article_modified_time":"2023-06-23T20:49:31+00:00","og_image":[{"width":1200,"height":675,"url":"https:\/\/huntingdriada.com\/wp-content\/uploads\/2022\/12\/Hunting-Driada-com-7.jpg","type":"image\/jpeg"}],"twitter_card":"summary_large_image","twitter_misc":{"Est. reading time":"8 minutes"},"schema":{"@context":"https:\/\/schema.org","@graph":[{"@type":"WebPage","@id":"https:\/\/huntingdriada.com\/en\/offer\/game\/","url":"https:\/\/huntingdriada.com\/en\/offer\/game\/","name":"Game meat | Hunting Driada","isPartOf":{"@id":"https:\/\/huntingdriada.com\/en\/#website"},"primaryImageOfPage":{"@id":"https:\/\/huntingdriada.com\/en\/offer\/game\/#primaryimage"},"image":{"@id":"https:\/\/huntingdriada.com\/en\/offer\/game\/#primaryimage"},"thumbnailUrl":"https:\/\/huntingdriada.com\/wp-content\/uploads\/2022\/12\/Hunting-Driada-com-7.jpg","datePublished":"2022-12-18T20:05:44+00:00","dateModified":"2023-06-23T20:49:31+00:00","description":"We are enthusiasts and advocates of consuming game meat as the healthiest meat! Check out Hunting Driada.","breadcrumb":{"@id":"https:\/\/huntingdriada.com\/en\/offer\/game\/#breadcrumb"},"inLanguage":"en-US","potentialAction":[{"@type":"ReadAction","target":["https:\/\/huntingdriada.com\/en\/offer\/game\/"]}]},{"@type":"ImageObject","inLanguage":"en-US","@id":"https:\/\/huntingdriada.com\/en\/offer\/game\/#primaryimage","url":"https:\/\/huntingdriada.com\/wp-content\/uploads\/2022\/12\/Hunting-Driada-com-7.jpg","contentUrl":"https:\/\/huntingdriada.com\/wp-content\/uploads\/2022\/12\/Hunting-Driada-com-7.jpg","width":1200,"height":675,"caption":"Dziczyzna"},{"@type":"BreadcrumbList","@id":"https:\/\/huntingdriada.com\/en\/offer\/game\/#breadcrumb","itemListElement":[{"@type":"ListItem","position":1,"name":"Strona g\u0142\u00f3wna","item":"https:\/\/huntingdriada.com\/en\/"},{"@type":"ListItem","position":2,"name":"Game"}]},{"@type":"WebSite","@id":"https:\/\/huntingdriada.com\/en\/#website","url":"https:\/\/huntingdriada.com\/en\/","name":"Hunting Driada","description":"Biuro polowa\u0144, psy my\u015bliwskie, dziczyzna, sygnali\u015bci my\u015bliwscy, preparacja.","potentialAction":[{"@type":"SearchAction","target":{"@type":"EntryPoint","urlTemplate":"https:\/\/huntingdriada.com\/en\/?s={search_term_string}"},"query-input":{"@type":"PropertyValueSpecification","valueRequired":true,"valueName":"search_term_string"}}],"inLanguage":"en-US"}]}},"_links":{"self":[{"href":"https:\/\/huntingdriada.com\/en\/wp-json\/wp\/v2\/pages\/3008","targetHints":{"allow":["GET"]}}],"collection":[{"href":"https:\/\/huntingdriada.com\/en\/wp-json\/wp\/v2\/pages"}],"about":[{"href":"https:\/\/huntingdriada.com\/en\/wp-json\/wp\/v2\/types\/page"}],"author":[{"embeddable":true,"href":"https:\/\/huntingdriada.com\/en\/wp-json\/wp\/v2\/users\/1"}],"replies":[{"embeddable":true,"href":"https:\/\/huntingdriada.com\/en\/wp-json\/wp\/v2\/comments?post=3008"}],"version-history":[{"count":3,"href":"https:\/\/huntingdriada.com\/en\/wp-json\/wp\/v2\/pages\/3008\/revisions"}],"predecessor-version":[{"id":3011,"href":"https:\/\/huntingdriada.com\/en\/wp-json\/wp\/v2\/pages\/3008\/revisions\/3011"}],"up":[{"embeddable":true,"href":"https:\/\/huntingdriada.com\/en\/wp-json\/wp\/v2\/pages\/3047"}],"wp:featuredmedia":[{"embeddable":true,"href":"https:\/\/huntingdriada.com\/en\/wp-json\/wp\/v2\/media\/2846"}],"wp:attachment":[{"href":"https:\/\/huntingdriada.com\/en\/wp-json\/wp\/v2\/media?parent=3008"}],"curies":[{"name":"wp","href":"https:\/\/api.w.org\/{rel}","templated":true}]}}