{"id":2998,"date":"2022-12-18T21:06:37","date_gmt":"2022-12-18T20:06:37","guid":{"rendered":"https:\/\/huntingdriada.com\/bugling\/"},"modified":"2023-06-23T22:43:05","modified_gmt":"2023-06-23T20:43:05","slug":"bugling","status":"publish","type":"page","link":"https:\/\/huntingdriada.com\/en\/offer\/bugling\/","title":{"rendered":"Bugling"},"content":{"rendered":"<div class=\"fusion-fullwidth fullwidth-box fusion-builder-row-1 fusion-flex-container has-pattern-background has-mask-background nonhundred-percent-fullwidth non-hundred-percent-height-scrolling\" style=\"--awb-border-radius-top-left:0px;--awb-border-radius-top-right:0px;--awb-border-radius-bottom-right:0px;--awb-border-radius-bottom-left:0px;--awb-flex-wrap:wrap;\" ><div class=\"fusion-builder-row fusion-row fusion-flex-align-items-flex-start fusion-flex-content-wrap\" style=\"max-width:1393.6px;margin-left: calc(-4% \/ 2 );margin-right: calc(-4% \/ 2 );\"><div class=\"fusion-layout-column fusion_builder_column fusion-builder-column-0 fusion_builder_column_2_3 2_3 fusion-flex-column\" style=\"--awb-bg-size:cover;--awb-width-large:66.666666666667%;--awb-margin-top-large:0px;--awb-spacing-right-large:2.88%;--awb-margin-bottom-large:20px;--awb-spacing-left-large:2.88%;--awb-width-medium:66.666666666667%;--awb-order-medium:0;--awb-spacing-right-medium:2.88%;--awb-spacing-left-medium:2.88%;--awb-width-small:100%;--awb-order-small:0;--awb-spacing-right-small:1.92%;--awb-spacing-left-small:1.92%;\"><div class=\"fusion-column-wrapper fusion-column-has-shadow fusion-flex-justify-content-flex-start fusion-content-layout-column\"><div class=\"fusion-text fusion-text-1\"><p>Hunting bugling is a very important element of the hunt, which enables safe and effective hunting, but also emphasises the unique nature of paying homage to the hunted game.<\/p>\n<p>We are traditionalists and cannot imagine group hunting without the beautiful sound of &#8220;Jele\u0144 na pokocie&#8221; or &#8220;Dzik na pokocie&#8221; at the end.<\/p>\n<p>Hunting signals, both today and 300 years ago, can be divided into two basic types: informational signals and ritual and ceremonial signals. Informational signals still play a key role in conveying practical information between hunting participants, while ritual and ceremonial signals aim to emphasise the momentousness of a hunting situation or event.<\/p>\n<\/div><\/div><\/div><div class=\"fusion-layout-column fusion_builder_column fusion-builder-column-1 fusion_builder_column_1_3 1_3 fusion-flex-column\" style=\"--awb-bg-size:cover;--awb-width-large:33.333333333333%;--awb-margin-top-large:0px;--awb-spacing-right-large:5.76%;--awb-margin-bottom-large:20px;--awb-spacing-left-large:5.76%;--awb-width-medium:33.333333333333%;--awb-order-medium:0;--awb-spacing-right-medium:5.76%;--awb-spacing-left-medium:5.76%;--awb-width-small:100%;--awb-order-small:0;--awb-spacing-right-small:1.92%;--awb-spacing-left-small:1.92%;\"><div class=\"fusion-column-wrapper fusion-column-has-shadow fusion-flex-justify-content-flex-start fusion-content-layout-column\"><\/div><\/div><\/div><\/div>\n","protected":false},"excerpt":{"rendered":"","protected":false},"author":1,"featured_media":0,"parent":3047,"menu_order":0,"comment_status":"closed","ping_status":"closed","template":"100-width.php","meta":{"footnotes":""},"class_list":["post-2998","page","type-page","status-publish","hentry"],"yoast_head":"<!-- This site is optimized with the Yoast SEO plugin v24.3 - https:\/\/yoast.com\/wordpress\/plugins\/seo\/ -->\n<title>Hunting bugling | Hunting Driada<\/title>\n<meta name=\"description\" content=\"Hunting signaling allows for safe and effective hunting. It emphasizes the unique nature of paying tribute to the harvested game.\" \/>\n<meta name=\"robots\" content=\"index, follow, max-snippet:-1, max-image-preview:large, max-video-preview:-1\" \/>\n<link rel=\"canonical\" href=\"https:\/\/huntingdriada.com\/en\/offer\/bugling\/\" \/>\n<meta property=\"og:locale\" content=\"en_US\" \/>\n<meta property=\"og:type\" content=\"article\" \/>\n<meta property=\"og:title\" content=\"Hunting bugling | Hunting Driada\" \/>\n<meta property=\"og:description\" content=\"Hunting signaling allows for safe and effective hunting. It emphasizes the unique nature of paying tribute to the harvested game.\" \/>\n<meta property=\"og:url\" content=\"https:\/\/huntingdriada.com\/en\/offer\/bugling\/\" \/>\n<meta property=\"og:site_name\" content=\"Hunting Driada\" \/>\n<meta property=\"article:modified_time\" content=\"2023-06-23T20:43:05+00:00\" \/>\n<meta name=\"twitter:card\" content=\"summary_large_image\" \/>\n<meta name=\"twitter:label1\" content=\"Est. reading time\" \/>\n\t<meta name=\"twitter:data1\" content=\"6 minutes\" \/>\n<script type=\"application\/ld+json\" class=\"yoast-schema-graph\">{\"@context\":\"https:\/\/schema.org\",\"@graph\":[{\"@type\":\"WebPage\",\"@id\":\"https:\/\/huntingdriada.com\/en\/offer\/bugling\/\",\"url\":\"https:\/\/huntingdriada.com\/en\/offer\/bugling\/\",\"name\":\"Hunting bugling | Hunting Driada\",\"isPartOf\":{\"@id\":\"https:\/\/huntingdriada.com\/en\/#website\"},\"datePublished\":\"2022-12-18T20:06:37+00:00\",\"dateModified\":\"2023-06-23T20:43:05+00:00\",\"description\":\"Hunting signaling allows for safe and effective hunting. It emphasizes the unique nature of paying tribute to the harvested game.\",\"breadcrumb\":{\"@id\":\"https:\/\/huntingdriada.com\/en\/offer\/bugling\/#breadcrumb\"},\"inLanguage\":\"en-US\",\"potentialAction\":[{\"@type\":\"ReadAction\",\"target\":[\"https:\/\/huntingdriada.com\/en\/offer\/bugling\/\"]}]},{\"@type\":\"BreadcrumbList\",\"@id\":\"https:\/\/huntingdriada.com\/en\/offer\/bugling\/#breadcrumb\",\"itemListElement\":[{\"@type\":\"ListItem\",\"position\":1,\"name\":\"Strona g\u0142\u00f3wna\",\"item\":\"https:\/\/huntingdriada.com\/en\/\"},{\"@type\":\"ListItem\",\"position\":2,\"name\":\"Bugling\"}]},{\"@type\":\"WebSite\",\"@id\":\"https:\/\/huntingdriada.com\/en\/#website\",\"url\":\"https:\/\/huntingdriada.com\/en\/\",\"name\":\"Hunting Driada\",\"description\":\"Biuro polowa\u0144, psy my\u015bliwskie, dziczyzna, sygnali\u015bci my\u015bliwscy, preparacja.\",\"potentialAction\":[{\"@type\":\"SearchAction\",\"target\":{\"@type\":\"EntryPoint\",\"urlTemplate\":\"https:\/\/huntingdriada.com\/en\/?s={search_term_string}\"},\"query-input\":{\"@type\":\"PropertyValueSpecification\",\"valueRequired\":true,\"valueName\":\"search_term_string\"}}],\"inLanguage\":\"en-US\"}]}<\/script>\n<!-- \/ Yoast SEO plugin. -->","yoast_head_json":{"title":"Hunting bugling | Hunting Driada","description":"Hunting signaling allows for safe and effective hunting. It emphasizes the unique nature of paying tribute to the harvested game.","robots":{"index":"index","follow":"follow","max-snippet":"max-snippet:-1","max-image-preview":"max-image-preview:large","max-video-preview":"max-video-preview:-1"},"canonical":"https:\/\/huntingdriada.com\/en\/offer\/bugling\/","og_locale":"en_US","og_type":"article","og_title":"Hunting bugling | Hunting Driada","og_description":"Hunting signaling allows for safe and effective hunting. It emphasizes the unique nature of paying tribute to the harvested game.","og_url":"https:\/\/huntingdriada.com\/en\/offer\/bugling\/","og_site_name":"Hunting Driada","article_modified_time":"2023-06-23T20:43:05+00:00","twitter_card":"summary_large_image","twitter_misc":{"Est. reading time":"6 minutes"},"schema":{"@context":"https:\/\/schema.org","@graph":[{"@type":"WebPage","@id":"https:\/\/huntingdriada.com\/en\/offer\/bugling\/","url":"https:\/\/huntingdriada.com\/en\/offer\/bugling\/","name":"Hunting bugling | Hunting Driada","isPartOf":{"@id":"https:\/\/huntingdriada.com\/en\/#website"},"datePublished":"2022-12-18T20:06:37+00:00","dateModified":"2023-06-23T20:43:05+00:00","description":"Hunting signaling allows for safe and effective hunting. It emphasizes the unique nature of paying tribute to the harvested game.","breadcrumb":{"@id":"https:\/\/huntingdriada.com\/en\/offer\/bugling\/#breadcrumb"},"inLanguage":"en-US","potentialAction":[{"@type":"ReadAction","target":["https:\/\/huntingdriada.com\/en\/offer\/bugling\/"]}]},{"@type":"BreadcrumbList","@id":"https:\/\/huntingdriada.com\/en\/offer\/bugling\/#breadcrumb","itemListElement":[{"@type":"ListItem","position":1,"name":"Strona g\u0142\u00f3wna","item":"https:\/\/huntingdriada.com\/en\/"},{"@type":"ListItem","position":2,"name":"Bugling"}]},{"@type":"WebSite","@id":"https:\/\/huntingdriada.com\/en\/#website","url":"https:\/\/huntingdriada.com\/en\/","name":"Hunting Driada","description":"Biuro polowa\u0144, psy my\u015bliwskie, dziczyzna, sygnali\u015bci my\u015bliwscy, preparacja.","potentialAction":[{"@type":"SearchAction","target":{"@type":"EntryPoint","urlTemplate":"https:\/\/huntingdriada.com\/en\/?s={search_term_string}"},"query-input":{"@type":"PropertyValueSpecification","valueRequired":true,"valueName":"search_term_string"}}],"inLanguage":"en-US"}]}},"_links":{"self":[{"href":"https:\/\/huntingdriada.com\/en\/wp-json\/wp\/v2\/pages\/2998","targetHints":{"allow":["GET"]}}],"collection":[{"href":"https:\/\/huntingdriada.com\/en\/wp-json\/wp\/v2\/pages"}],"about":[{"href":"https:\/\/huntingdriada.com\/en\/wp-json\/wp\/v2\/types\/page"}],"author":[{"embeddable":true,"href":"https:\/\/huntingdriada.com\/en\/wp-json\/wp\/v2\/users\/1"}],"replies":[{"embeddable":true,"href":"https:\/\/huntingdriada.com\/en\/wp-json\/wp\/v2\/comments?post=2998"}],"version-history":[{"count":5,"href":"https:\/\/huntingdriada.com\/en\/wp-json\/wp\/v2\/pages\/2998\/revisions"}],"predecessor-version":[{"id":3003,"href":"https:\/\/huntingdriada.com\/en\/wp-json\/wp\/v2\/pages\/2998\/revisions\/3003"}],"up":[{"embeddable":true,"href":"https:\/\/huntingdriada.com\/en\/wp-json\/wp\/v2\/pages\/3047"}],"wp:attachment":[{"href":"https:\/\/huntingdriada.com\/en\/wp-json\/wp\/v2\/media?parent=2998"}],"curies":[{"name":"wp","href":"https:\/\/api.w.org\/{rel}","templated":true}]}}